{"id":97,"date":"2020-02-12T14:03:17","date_gmt":"2020-02-12T14:03:17","guid":{"rendered":"http:\/\/woodbadge.training\/?page_id=97"},"modified":"2024-06-26T14:30:07","modified_gmt":"2024-06-26T12:30:07","slug":"wb-kurse","status":"publish","type":"page","link":"https:\/\/woodbadge.training\/?page_id=97","title":{"rendered":"WB-Kurse"},"content":{"rendered":"<p><strong>Folgende Kurse haben bisher unter der Verantwortung des Arbeitskreises stattgefunden:<\/strong><\/p>\n<p><strong>2009<\/strong> Hofgeismar mit Teilnehmern aus BPS, BSCP, CPD, FSE-A, BSCP<\/p>\n<p>Kursleitung: wolf<\/p>\n<p>Kursmannschaft: bachus, hathi, j\u00f6rg, karsten, klaus, knut, rotbart, schlundi<\/p>\n<p>&nbsp;<\/p>\n<p><img loading=\"lazy\" decoding=\"async\" class=\"alignnone size-medium wp-image-214\" src=\"https:\/\/woodbadge.training\/wp-content\/uploads\/2020\/06\/IMG_3345-300x200.jpg\" alt=\"\" width=\"300\" height=\"200\" srcset=\"https:\/\/woodbadge.training\/wp-content\/uploads\/2020\/06\/IMG_3345-300x200.jpg 300w, https:\/\/woodbadge.training\/wp-content\/uploads\/2020\/06\/IMG_3345-1024x683.jpg 1024w, https:\/\/woodbadge.training\/wp-content\/uploads\/2020\/06\/IMG_3345-768x512.jpg 768w, https:\/\/woodbadge.training\/wp-content\/uploads\/2020\/06\/IMG_3345-1536x1024.jpg 1536w, https:\/\/woodbadge.training\/wp-content\/uploads\/2020\/06\/IMG_3345-2048x1365.jpg 2048w, https:\/\/woodbadge.training\/wp-content\/uploads\/2020\/06\/IMG_3345-120x80.jpg 120w\" sizes=\"auto, (max-width: 300px) 100vw, 300px\" \/><\/p>\n<p><strong>2011<\/strong> Reinstorf mit Teilnehmern aus BPS, BSCP\/ESM, CPD, CPK<\/p>\n<p>Kursleitung: karsten<\/p>\n<p>Kursmannschaft: bachus, hathi, j\u00f6rg, klaus, knut, rotbart, wiebke, wolf<\/p>\n<p>&nbsp;<\/p>\n<p><img loading=\"lazy\" decoding=\"async\" class=\"alignnone size-medium wp-image-205\" src=\"https:\/\/woodbadge.training\/wp-content\/uploads\/2020\/06\/DSC_0715-300x199.jpg\" alt=\"\" width=\"300\" height=\"199\" srcset=\"https:\/\/woodbadge.training\/wp-content\/uploads\/2020\/06\/DSC_0715-300x199.jpg 300w, https:\/\/woodbadge.training\/wp-content\/uploads\/2020\/06\/DSC_0715-1024x678.jpg 1024w, https:\/\/woodbadge.training\/wp-content\/uploads\/2020\/06\/DSC_0715-768x509.jpg 768w, https:\/\/woodbadge.training\/wp-content\/uploads\/2020\/06\/DSC_0715-1536x1017.jpg 1536w, https:\/\/woodbadge.training\/wp-content\/uploads\/2020\/06\/DSC_0715-2048x1356.jpg 2048w, https:\/\/woodbadge.training\/wp-content\/uploads\/2020\/06\/DSC_0715-120x80.jpg 120w\" sizes=\"auto, (max-width: 300px) 100vw, 300px\" \/><\/p>\n<p><strong>2013<\/strong> N\u00f6ggenschwil mit Teilnehmern aus BPS, BSCP\/ESM, FSE-A, CPD, Pfadfinderschaft Grauer Reiter, Wesley Scouts, CPK<\/p>\n<p>Kursleitung: hathi, mikel<\/p>\n<p>Kursmannschaft:\u00a0 hathi, j\u00f6rg, karsten, klaus, knut, rotbart, wolf<\/p>\n<p>&nbsp;<\/p>\n<p><img loading=\"lazy\" decoding=\"async\" class=\"alignnone wp-image-206 size-medium\" src=\"https:\/\/woodbadge.training\/wp-content\/uploads\/2020\/06\/IMG_1545-200x300.jpg\" alt=\"\" width=\"200\" height=\"300\" srcset=\"https:\/\/woodbadge.training\/wp-content\/uploads\/2020\/06\/IMG_1545-200x300.jpg 200w, https:\/\/woodbadge.training\/wp-content\/uploads\/2020\/06\/IMG_1545-683x1024.jpg 683w, https:\/\/woodbadge.training\/wp-content\/uploads\/2020\/06\/IMG_1545-768x1152.jpg 768w, https:\/\/woodbadge.training\/wp-content\/uploads\/2020\/06\/IMG_1545-1024x1536.jpg 1024w, https:\/\/woodbadge.training\/wp-content\/uploads\/2020\/06\/IMG_1545-1365x2048.jpg 1365w, https:\/\/woodbadge.training\/wp-content\/uploads\/2020\/06\/IMG_1545-scaled.jpg 1707w\" sizes=\"auto, (max-width: 200px) 100vw, 200px\" \/><\/p>\n<p><strong>2015<\/strong> M\u00e4gdesprung mit Teilnehmern aus BPS, CPD, BSCP\/ESM<\/p>\n<p>Kursleitung: mikel, hathi<\/p>\n<p>Kursmannschaft: ivonne, karsten, klaus, kibbo, rotbart, sabbi, wolf<\/p>\n<p>&nbsp;<\/p>\n<p><img loading=\"lazy\" decoding=\"async\" class=\"alignnone wp-image-207 size-medium\" src=\"https:\/\/woodbadge.training\/wp-content\/uploads\/2020\/06\/IMG_8380-scaled-e1591194659932-300x185.jpg\" alt=\"\" width=\"300\" height=\"185\" srcset=\"https:\/\/woodbadge.training\/wp-content\/uploads\/2020\/06\/IMG_8380-scaled-e1591194659932-300x185.jpg 300w, https:\/\/woodbadge.training\/wp-content\/uploads\/2020\/06\/IMG_8380-scaled-e1591194659932-1024x631.jpg 1024w, https:\/\/woodbadge.training\/wp-content\/uploads\/2020\/06\/IMG_8380-scaled-e1591194659932-768x474.jpg 768w, https:\/\/woodbadge.training\/wp-content\/uploads\/2020\/06\/IMG_8380-scaled-e1591194659932-1536x947.jpg 1536w, https:\/\/woodbadge.training\/wp-content\/uploads\/2020\/06\/IMG_8380-scaled-e1591194659932-2048x1263.jpg 2048w\" sizes=\"auto, (max-width: 300px) 100vw, 300px\" \/><\/p>\n<p><strong>2017<\/strong> Sarau mit Teilnehmern aus BPS, CPD, BSCP\/ESM<\/p>\n<p>Kursleitung: karsten, wolf<\/p>\n<p>Kursmannschaft: hathi, ivonne, kibbo, knut, sabbi<\/p>\n<p>&nbsp;<\/p>\n<p><img loading=\"lazy\" decoding=\"async\" class=\"alignnone size-medium wp-image-212\" src=\"https:\/\/woodbadge.training\/wp-content\/uploads\/2020\/06\/IMG_9795-200x300.jpg\" alt=\"\" width=\"200\" height=\"300\" srcset=\"https:\/\/woodbadge.training\/wp-content\/uploads\/2020\/06\/IMG_9795-200x300.jpg 200w, https:\/\/woodbadge.training\/wp-content\/uploads\/2020\/06\/IMG_9795-683x1024.jpg 683w, https:\/\/woodbadge.training\/wp-content\/uploads\/2020\/06\/IMG_9795-768x1152.jpg 768w, https:\/\/woodbadge.training\/wp-content\/uploads\/2020\/06\/IMG_9795-1024x1536.jpg 1024w, https:\/\/woodbadge.training\/wp-content\/uploads\/2020\/06\/IMG_9795-1365x2048.jpg 1365w, https:\/\/woodbadge.training\/wp-content\/uploads\/2020\/06\/IMG_9795-scaled.jpg 1707w\" sizes=\"auto, (max-width: 200px) 100vw, 200px\" \/><\/p>\n<p><strong>2019<\/strong> Metzingen mit Teilnehmern aus BPS, FSE-A, CPD, BSCP\/ESM, REGP<\/p>\n<p>Kursleitung: Sabi, Ivonne<\/p>\n<p>Kursmannschaft: dissi, hathi, karsten, kibbo, klaus, knut, mikel, wolf<\/p>\n<p>&nbsp;<\/p>\n<p><img loading=\"lazy\" decoding=\"async\" class=\"alignnone size-medium wp-image-209\" src=\"https:\/\/woodbadge.training\/wp-content\/uploads\/2020\/06\/IMG_0839-300x200.jpg\" alt=\"\" width=\"300\" height=\"200\" srcset=\"https:\/\/woodbadge.training\/wp-content\/uploads\/2020\/06\/IMG_0839-300x200.jpg 300w, https:\/\/woodbadge.training\/wp-content\/uploads\/2020\/06\/IMG_0839-1024x683.jpg 1024w, https:\/\/woodbadge.training\/wp-content\/uploads\/2020\/06\/IMG_0839-768x512.jpg 768w, https:\/\/woodbadge.training\/wp-content\/uploads\/2020\/06\/IMG_0839-1536x1024.jpg 1536w, https:\/\/woodbadge.training\/wp-content\/uploads\/2020\/06\/IMG_0839-2048x1365.jpg 2048w, https:\/\/woodbadge.training\/wp-content\/uploads\/2020\/06\/IMG_0839-120x80.jpg 120w\" sizes=\"auto, (max-width: 300px) 100vw, 300px\" \/><\/p>\n<p><strong>2021<\/strong> Aufgrund der Situation mit CORVID19 am 07.03.2021 endg\u00fcltig abgesagt!<\/p>\n<p><strong>2022<\/strong> Ingelfingen mit Teilnehmern aus BPS, FSE-A, CPD, BSCP\/ESM, EGP, CP-Ravensberg<\/p>\n<p>Kursleitung: dissi, mikel<\/p>\n<p>Kursmannschaft: anni, hathi, ivonne, karsten, medi, uli, wolf<\/p>\n<p>&nbsp;<\/p>\n<p><img loading=\"lazy\" decoding=\"async\" class=\"alignnone wp-image-359 size-medium\" src=\"https:\/\/woodbadge.training\/wp-content\/uploads\/2022\/04\/IMG_2644-300x200.jpg\" alt=\"\" width=\"300\" height=\"200\" srcset=\"https:\/\/woodbadge.training\/wp-content\/uploads\/2022\/04\/IMG_2644-300x200.jpg 300w, https:\/\/woodbadge.training\/wp-content\/uploads\/2022\/04\/IMG_2644-1024x683.jpg 1024w, https:\/\/woodbadge.training\/wp-content\/uploads\/2022\/04\/IMG_2644-768x512.jpg 768w, https:\/\/woodbadge.training\/wp-content\/uploads\/2022\/04\/IMG_2644-1536x1024.jpg 1536w, https:\/\/woodbadge.training\/wp-content\/uploads\/2022\/04\/IMG_2644-2048x1365.jpg 2048w, https:\/\/woodbadge.training\/wp-content\/uploads\/2022\/04\/IMG_2644-120x80.jpg 120w\" sizes=\"auto, (max-width: 300px) 100vw, 300px\" \/><\/p>\n<p><strong>2024 <\/strong>Sarowe mit Teilnehmern aus BPS, CPD, BSCP\/ESM, EGP, CPK<\/p>\n<p>Kursleitung: anni, karsten<\/p>\n<p>Kursmannschaft: dissi, freddy, ivonne, mikel, medi, sabi, uli, wolf<\/p>\n<p><img loading=\"lazy\" decoding=\"async\" class=\"alignnone size-medium wp-image-426\" src=\"https:\/\/woodbadge.training\/wp-content\/uploads\/2024\/06\/DSC_7854-300x199.jpg\" alt=\"\" width=\"300\" height=\"199\" srcset=\"https:\/\/woodbadge.training\/wp-content\/uploads\/2024\/06\/DSC_7854-300x199.jpg 300w, https:\/\/woodbadge.training\/wp-content\/uploads\/2024\/06\/DSC_7854-1024x680.jpg 1024w, https:\/\/woodbadge.training\/wp-content\/uploads\/2024\/06\/DSC_7854-768x510.jpg 768w, https:\/\/woodbadge.training\/wp-content\/uploads\/2024\/06\/DSC_7854-1536x1020.jpg 1536w, https:\/\/woodbadge.training\/wp-content\/uploads\/2024\/06\/DSC_7854-2048x1360.jpg 2048w, https:\/\/woodbadge.training\/wp-content\/uploads\/2024\/06\/DSC_7854-120x80.jpg 120w\" sizes=\"auto, (max-width: 300px) 100vw, 300px\" \/><\/p>\n<p><strong>2026 <\/strong>n\u00e4chster Woodbadge-Kurs<\/p>\n<p>Es ist nie zu fr\u00fch sein Interesse f\u00fcr den n\u00e4chsten Kurs zu bekunden unter E-mail: <a href=\"mailto:info@woodbadge.training\">info@woodbadge.training<\/a><\/p>\n<p>Die Teilnehmer der Kurse kommen vor allem aus den B\u00fcnden, die auch im Arbeitskreis vertreten sind, allerdings sind auch pro Kurs maximal 2 Teilnehmer aus anderen B\u00fcnden eingeladen. Die Bundesf\u00fchrungen der G\u00e4ste m\u00fcssen, der Teilnahme am Kurs und bei erfolgreichem Abschluss des Trainings, der Verleihung der Woodbadge-Insignien zustimmen.<\/p>\n<p>&nbsp;<\/p>\n<p>&nbsp;<\/p>\n","protected":false},"excerpt":{"rendered":"<p>Folgende Kurse haben bisher unter der Verantwortung des Arbeitskreises stattgefunden: 2009 Hofgeismar mit Teilnehmern aus BPS, BSCP, CPD, FSE-A, BSCP Kursleitung: wolf Kursmannschaft: bachus, hathi, j\u00f6rg, karsten, klaus, knut, rotbart, schlundi &nbsp; 2011 Reinstorf mit &hellip;<\/p>\n","protected":false},"author":1,"featured_media":0,"parent":0,"menu_order":0,"comment_status":"closed","ping_status":"closed","template":"","meta":{"footnotes":""},"class_list":["post-97","page","type-page","status-publish","hentry"],"_links":{"self":[{"href":"https:\/\/woodbadge.training\/index.php?rest_route=\/wp\/v2\/pages\/97","targetHints":{"allow":["GET"]}}],"collection":[{"href":"https:\/\/woodbadge.training\/index.php?rest_route=\/wp\/v2\/pages"}],"about":[{"href":"https:\/\/woodbadge.training\/index.php?rest_route=\/wp\/v2\/types\/page"}],"author":[{"embeddable":true,"href":"https:\/\/woodbadge.training\/index.php?rest_route=\/wp\/v2\/users\/1"}],"replies":[{"embeddable":true,"href":"https:\/\/woodbadge.training\/index.php?rest_route=%2Fwp%2Fv2%2Fcomments&post=97"}],"version-history":[{"count":29,"href":"https:\/\/woodbadge.training\/index.php?rest_route=\/wp\/v2\/pages\/97\/revisions"}],"predecessor-version":[{"id":425,"href":"https:\/\/woodbadge.training\/index.php?rest_route=\/wp\/v2\/pages\/97\/revisions\/425"}],"wp:attachment":[{"href":"https:\/\/woodbadge.training\/index.php?rest_route=%2Fwp%2Fv2%2Fmedia&parent=97"}],"curies":[{"name":"wp","href":"https:\/\/api.w.org\/{rel}","templated":true}]}}