{"id":256,"date":"2020-09-21T07:07:00","date_gmt":"2020-09-21T07:07:00","guid":{"rendered":"http:\/\/woodbadge.training\/?page_id=256"},"modified":"2022-09-11T16:23:58","modified_gmt":"2022-09-11T14:23:58","slug":"woodbadge-reunion","status":"publish","type":"page","link":"https:\/\/woodbadge.training\/?page_id=256","title":{"rendered":"Reunion"},"content":{"rendered":"<p>***********<br \/>\nN\u00e4chste Reunion 24. &#8211; 26.02.2023<\/p>\n<p>***********<\/p>\n<p><span style=\"color: #303030;\"><span style=\"font-family: Raleway, Tahoma, Arial;\"><span style=\"font-size: medium;\">Immer in den Jahren zwischen den Kursen findet ein Woodbadge-Reunion statt.\u00a0 Es ist eine Zusammenkunft aller Woodbadgetr\u00e4ger der im CP-Woodbadge zusammengeschlossenen B\u00fcnde und der Teilnehmer des letzten Kurses. Die Gelegenheit alte Freunde aus den Kursen wieder zu treffen, oder sich \u00fcber neue Themen mit interessanten Leuten auszutauschen.<\/span><\/span><\/span><\/p>\n<p><img loading=\"lazy\" decoding=\"async\" class=\"alignnone wp-image-252 aligncenter\" src=\"https:\/\/woodbadge.training\/wp-content\/uploads\/2020\/09\/DSC_4825-300x199.jpg\" alt=\"\" width=\"407\" height=\"270\" srcset=\"https:\/\/woodbadge.training\/wp-content\/uploads\/2020\/09\/DSC_4825-300x199.jpg 300w, https:\/\/woodbadge.training\/wp-content\/uploads\/2020\/09\/DSC_4825-1024x680.jpg 1024w, https:\/\/woodbadge.training\/wp-content\/uploads\/2020\/09\/DSC_4825-768x510.jpg 768w, https:\/\/woodbadge.training\/wp-content\/uploads\/2020\/09\/DSC_4825-1536x1020.jpg 1536w, https:\/\/woodbadge.training\/wp-content\/uploads\/2020\/09\/DSC_4825-2048x1360.jpg 2048w, https:\/\/woodbadge.training\/wp-content\/uploads\/2020\/09\/DSC_4825-120x80.jpg 120w\" sizes=\"auto, (max-width: 407px) 100vw, 407px\" \/><\/p>\n<p><span style=\"color: #303030;\"><span style=\"font-family: Raleway, Tahoma, Arial;\"><span style=\"font-size: medium;\">Neben interessanten Vortr\u00e4gen gibt es an dem Wochenende Zeit um zu Reden, gemeinsam zu kochen, zu singen und zu feiern. Samstagsabend ist dann die Aufnahme neuer Woodbadgetr\u00e4ger. In feierlichem Rahmen werden das Woodbadge-Halstuch, die Lederschnur mit den selbst gefertigten Holzperlen und der ebenfalls selbst geflochtene Halstuchring \u00fcberreicht.<\/span><\/span><\/span><\/p>\n<p><span style=\"color: #303030;\"><span style=\"font-family: Raleway, Tahoma, Arial;\"><span style=\"font-size: medium;\">Es wird angestrebt, dass die Bundesf\u00fchrer oder ihre Stellvertreter der B\u00fcnde anwesend sind und der Aufnahme ihrer Woodbadgetr\u00e4ger beiwohnen. Denn Woodbadge bedeutet sich einzubringen in den verschiedensten Ebenen der B\u00fcnde und nicht wenige Bundesf\u00fchrer haben selbst das Woodbadge sich erarbeitet.<\/span><\/span><\/span><\/p>\n<p style=\"text-align: center;\"><div id=\"metaslider-id-291\" style=\"max-width: 800px; margin: 0 auto;\" class=\"ml-slider-3-108-0 metaslider metaslider-flex metaslider-291 ml-slider ms-theme-default nav-hidden\" role=\"region\" aria-label=\"Reunion\" data-height=\"450\" data-width=\"800\">\n    <div id=\"metaslider_container_291\">\n        <div id=\"metaslider_291\">\n            <ul class='slides'>\n                <li style=\"display: block; width: 100%;\" class=\"slide-292 ms-image \" aria-roledescription=\"slide\" data-date=\"2020-09-22 05:17:02\" data-filename=\"IMG_4300-scaled-800x450.jpg\" data-slide-type=\"image\"><img loading=\"lazy\" decoding=\"async\" src=\"https:\/\/woodbadge.training\/wp-content\/uploads\/2020\/09\/IMG_4300-scaled-800x450.jpg\" height=\"450\" width=\"800\" alt=\"\" class=\"slider-291 slide-292 msDefaultImage\" title=\"IMG_4300\" \/><\/li>\n                <li style=\"display: none; width: 100%;\" class=\"slide-293 ms-image \" aria-roledescription=\"slide\" data-date=\"2020-09-22 05:17:12\" data-filename=\"Woodbadgereunion-1-800x450.jpg\" data-slide-type=\"image\"><img loading=\"lazy\" decoding=\"async\" src=\"https:\/\/woodbadge.training\/wp-content\/uploads\/2020\/09\/Woodbadgereunion-1-800x450.jpg\" height=\"450\" width=\"800\" alt=\"\" class=\"slider-291 slide-293 msDefaultImage\" title=\"Woodbadgereunion-1\" \/><\/li>\n                <li style=\"display: none; width: 100%;\" class=\"slide-294 ms-image \" aria-roledescription=\"slide\" data-date=\"2020-09-22 05:17:21\" data-filename=\"Woodbadgereunion-16-800x450.jpg\" data-slide-type=\"image\"><img loading=\"lazy\" decoding=\"async\" src=\"https:\/\/woodbadge.training\/wp-content\/uploads\/2020\/09\/Woodbadgereunion-16-800x450.jpg\" height=\"450\" width=\"800\" alt=\"\" class=\"slider-291 slide-294 msDefaultImage\" title=\"Woodbadgereunion-16\" \/><\/li>\n                <li style=\"display: none; width: 100%;\" class=\"slide-295 ms-image \" aria-roledescription=\"slide\" data-date=\"2020-09-22 05:17:28\" data-filename=\"Woodbadgereunion-30-800x450.jpg\" data-slide-type=\"image\"><img loading=\"lazy\" decoding=\"async\" src=\"https:\/\/woodbadge.training\/wp-content\/uploads\/2020\/09\/Woodbadgereunion-30-800x450.jpg\" height=\"450\" width=\"800\" alt=\"\" class=\"slider-291 slide-295 msDefaultImage\" title=\"Woodbadgereunion-30\" \/><\/li>\n                <li style=\"display: none; width: 100%;\" class=\"slide-296 ms-image \" aria-roledescription=\"slide\" data-date=\"2020-09-22 05:17:35\" data-filename=\"DSC_8328_001_2000px-800x450.jpg\" data-slide-type=\"image\"><img loading=\"lazy\" decoding=\"async\" src=\"https:\/\/woodbadge.training\/wp-content\/uploads\/2020\/09\/DSC_8328_001_2000px-800x450.jpg\" height=\"450\" width=\"800\" alt=\"\" class=\"slider-291 slide-296 msDefaultImage\" title=\"DSC_8328_001_2000px\" \/><\/li>\n                <li style=\"display: none; width: 100%;\" class=\"slide-297 ms-image \" aria-roledescription=\"slide\" data-date=\"2020-09-22 05:17:40\" data-filename=\"DSC_8371_040_2000px-800x450.jpg\" data-slide-type=\"image\"><img loading=\"lazy\" decoding=\"async\" src=\"https:\/\/woodbadge.training\/wp-content\/uploads\/2020\/09\/DSC_8371_040_2000px-800x450.jpg\" height=\"450\" width=\"800\" alt=\"\" class=\"slider-291 slide-297 msDefaultImage\" title=\"DSC_8371_040_2000px\" \/><\/li>\n                <li style=\"display: none; width: 100%;\" class=\"slide-298 ms-image \" aria-roledescription=\"slide\" data-date=\"2020-09-22 05:17:46\" data-filename=\"IMG_1565-800x450.jpg\" data-slide-type=\"image\"><img loading=\"lazy\" decoding=\"async\" src=\"https:\/\/woodbadge.training\/wp-content\/uploads\/2020\/09\/IMG_1565-800x450.jpg\" height=\"450\" width=\"800\" alt=\"\" class=\"slider-291 slide-298 msDefaultImage\" title=\"IMG_1565\" \/><\/li>\n                <li style=\"display: none; width: 100%;\" class=\"slide-299 ms-image \" aria-roledescription=\"slide\" data-date=\"2020-09-22 05:17:53\" data-filename=\"IMG_1519-800x450.jpg\" data-slide-type=\"image\"><img loading=\"lazy\" decoding=\"async\" src=\"https:\/\/woodbadge.training\/wp-content\/uploads\/2020\/09\/IMG_1519-800x450.jpg\" height=\"450\" width=\"800\" alt=\"\" class=\"slider-291 slide-299 msDefaultImage\" title=\"IMG_1519\" \/><\/li>\n                <li style=\"display: none; width: 100%;\" class=\"slide-300 ms-image \" aria-roledescription=\"slide\" data-date=\"2020-09-22 05:18:06\" data-filename=\"DSC_4868-scaled-800x450.jpg\" data-slide-type=\"image\"><img loading=\"lazy\" decoding=\"async\" src=\"https:\/\/woodbadge.training\/wp-content\/uploads\/2020\/09\/DSC_4868-scaled-800x450.jpg\" height=\"450\" width=\"800\" alt=\"\" class=\"slider-291 slide-300 msDefaultImage\" title=\"DSC_4868\" \/><\/li>\n                <li style=\"display: none; width: 100%;\" class=\"slide-301 ms-image \" aria-roledescription=\"slide\" data-date=\"2020-09-22 05:18:14\" data-filename=\"DSC_4834-scaled-800x450.jpg\" data-slide-type=\"image\"><img loading=\"lazy\" decoding=\"async\" src=\"https:\/\/woodbadge.training\/wp-content\/uploads\/2020\/09\/DSC_4834-scaled-800x450.jpg\" height=\"450\" width=\"800\" alt=\"\" class=\"slider-291 slide-301 msDefaultImage\" title=\"DSC_4834\" \/><\/li>\n                <li style=\"display: none; width: 100%;\" class=\"slide-302 ms-image \" aria-roledescription=\"slide\" data-date=\"2020-09-22 05:18:24\" data-filename=\"DSC_4825-scaled-800x450.jpg\" data-slide-type=\"image\"><img loading=\"lazy\" decoding=\"async\" src=\"https:\/\/woodbadge.training\/wp-content\/uploads\/2020\/09\/DSC_4825-scaled-800x450.jpg\" height=\"450\" width=\"800\" alt=\"\" class=\"slider-291 slide-302 msDefaultImage\" title=\"DSC_4825\" \/><\/li>\n            <\/ul>\n        <\/div>\n        \n    <\/div>\n<\/div><\/p>\n<p>&nbsp;<\/p>\n<p>&nbsp;<\/p>\n","protected":false},"excerpt":{"rendered":"<p>*********** N\u00e4chste Reunion 24. &#8211; 26.02.2023 *********** Immer in den Jahren zwischen den Kursen findet ein Woodbadge-Reunion statt.\u00a0 Es ist eine Zusammenkunft aller Woodbadgetr\u00e4ger der im CP-Woodbadge zusammengeschlossenen B\u00fcnde und der Teilnehmer des letzten Kurses. &hellip;<\/p>\n","protected":false},"author":2,"featured_media":0,"parent":0,"menu_order":0,"comment_status":"closed","ping_status":"closed","template":"","meta":{"footnotes":""},"class_list":["post-256","page","type-page","status-publish","hentry"],"_links":{"self":[{"href":"https:\/\/woodbadge.training\/index.php?rest_route=\/wp\/v2\/pages\/256","targetHints":{"allow":["GET"]}}],"collection":[{"href":"https:\/\/woodbadge.training\/index.php?rest_route=\/wp\/v2\/pages"}],"about":[{"href":"https:\/\/woodbadge.training\/index.php?rest_route=\/wp\/v2\/types\/page"}],"author":[{"embeddable":true,"href":"https:\/\/woodbadge.training\/index.php?rest_route=\/wp\/v2\/users\/2"}],"replies":[{"embeddable":true,"href":"https:\/\/woodbadge.training\/index.php?rest_route=%2Fwp%2Fv2%2Fcomments&post=256"}],"version-history":[{"count":18,"href":"https:\/\/woodbadge.training\/index.php?rest_route=\/wp\/v2\/pages\/256\/revisions"}],"predecessor-version":[{"id":399,"href":"https:\/\/woodbadge.training\/index.php?rest_route=\/wp\/v2\/pages\/256\/revisions\/399"}],"wp:attachment":[{"href":"https:\/\/woodbadge.training\/index.php?rest_route=%2Fwp%2Fv2%2Fmedia&parent=256"}],"curies":[{"name":"wp","href":"https:\/\/api.w.org\/{rel}","templated":true}]}}