{"id":2,"date":"2016-05-10T03:48:21","date_gmt":"2016-05-10T03:48:21","guid":{"rendered":"http:\/\/woodbadge.training\/?page_id=2"},"modified":"2022-04-24T19:50:59","modified_gmt":"2022-04-24T17:50:59","slug":"sample-page","status":"publish","type":"page","link":"https:\/\/woodbadge.training\/","title":{"rendered":"Start"},"content":{"rendered":"<div><div id=\"metaslider-id-90\" style=\"width: 100%;\" class=\"ml-slider-3-108-0 metaslider metaslider-flex metaslider-90 ml-slider ms-theme-default nav-hidden\" role=\"region\" aria-label=\"Kurse\" data-height=\"450\" data-width=\"1250\">\n    <div id=\"metaslider_container_90\">\n        <div id=\"metaslider_90\">\n            <ul class='slides'>\n                <li style=\"display: block; width: 100%;\" class=\"slide-91 ms-image \" aria-roledescription=\"slide\" data-date=\"2020-01-03 17:56:09\" data-filename=\"DSC_4496-e1591114579826-1250x450.jpg\" data-slide-type=\"image\"><img loading=\"lazy\" decoding=\"async\" src=\"https:\/\/woodbadge.training\/wp-content\/uploads\/2019\/11\/DSC_4496-e1591114579826-1250x450.jpg\" height=\"450\" width=\"1250\" alt=\"\" class=\"slider-90 slide-91 msDefaultImage\" title=\"Woodbadge-Kurs 2013 in Noeggenschwiel\" \/><div class=\"caption-wrap\"><div class=\"caption\">Woodbadge Kurs 2013 Noeggenschwiel<\/div><\/div><\/li>\n                <li style=\"display: none; width: 100%;\" class=\"slide-108 ms-image \" aria-roledescription=\"slide\" data-date=\"2020-02-12 14:48:18\" data-filename=\"DSC_0095-scaled-e1591114533714-1250x450.jpg\" data-slide-type=\"image\"><img loading=\"lazy\" decoding=\"async\" src=\"https:\/\/woodbadge.training\/wp-content\/uploads\/2020\/02\/DSC_0095-scaled-e1591114533714-1250x450.jpg\" height=\"450\" width=\"1250\" alt=\"\" class=\"slider-90 slide-108 msDefaultImage\" title=\"DSC_0095\" \/><div class=\"caption-wrap\"><div class=\"caption\">Woodbadge Kurs 2015 M\u00e4gdesprung<\/div><\/div><\/li>\n                <li style=\"display: none; width: 100%;\" class=\"slide-110 ms-image \" aria-roledescription=\"slide\" data-date=\"2020-02-12 14:48:18\" data-filename=\"DSC_0271-scaled-1250x450.jpg\" data-slide-type=\"image\"><img loading=\"lazy\" decoding=\"async\" src=\"https:\/\/woodbadge.training\/wp-content\/uploads\/2020\/02\/DSC_0271-scaled-1250x450.jpg\" height=\"450\" width=\"1250\" alt=\"\" class=\"slider-90 slide-110 msDefaultImage\" title=\"DSC_0271\" \/><\/li>\n                <li style=\"display: none; width: 100%;\" class=\"slide-146 ms-image \" aria-roledescription=\"slide\" data-date=\"2020-06-02 15:50:59\" data-filename=\"DSC_2941-scaled-e1591114299474-1250x450.jpg\" data-slide-type=\"image\"><img loading=\"lazy\" decoding=\"async\" src=\"https:\/\/woodbadge.training\/wp-content\/uploads\/2020\/06\/DSC_2941-scaled-e1591114299474-1250x450.jpg\" height=\"450\" width=\"1250\" alt=\"\" class=\"slider-90 slide-146 msDefaultImage\" title=\"DSC_2941\" \/><div class=\"caption-wrap\"><div class=\"caption\">Woodbadge Kurs 2017 Sarau<\/div><\/div><\/li>\n                <li style=\"display: none; width: 100%;\" class=\"slide-147 ms-image \" aria-roledescription=\"slide\" data-date=\"2020-06-02 15:51:37\" data-filename=\"IMG_5290-scaled-e1591114442987-1250x450.jpg\" data-slide-type=\"image\"><img loading=\"lazy\" decoding=\"async\" src=\"https:\/\/woodbadge.training\/wp-content\/uploads\/2020\/06\/IMG_5290-scaled-e1591114442987-1250x450.jpg\" height=\"450\" width=\"1250\" alt=\"\" class=\"slider-90 slide-147 msDefaultImage\" title=\"IMG_5290\" \/><\/li>\n                <li style=\"display: none; width: 100%;\" class=\"slide-148 ms-image \" aria-roledescription=\"slide\" data-date=\"2020-06-02 15:51:50\" data-filename=\"IMG_5359-scaled-e1591114418549-1250x450.jpg\" data-slide-type=\"image\"><img loading=\"lazy\" decoding=\"async\" src=\"https:\/\/woodbadge.training\/wp-content\/uploads\/2020\/06\/IMG_5359-scaled-e1591114418549-1250x450.jpg\" height=\"450\" width=\"1250\" alt=\"\" class=\"slider-90 slide-148 msDefaultImage\" title=\"IMG_5359\" \/><\/li>\n                <li style=\"display: none; width: 100%;\" class=\"slide-175 ms-image \" aria-roledescription=\"slide\" data-date=\"2020-06-02 17:14:07\" data-filename=\"DSC_2439-scaled-e1591117758739-1250x450.jpg\" data-slide-type=\"image\"><img loading=\"lazy\" decoding=\"async\" src=\"https:\/\/woodbadge.training\/wp-content\/uploads\/2020\/06\/DSC_2439-scaled-e1591117758739-1250x450.jpg\" height=\"450\" width=\"1250\" alt=\"\" class=\"slider-90 slide-175 msDefaultImage\" title=\"DSC_2439\" \/><div class=\"caption-wrap\"><div class=\"caption\">Woodbadge Kurs 2017 Sarau<\/div><\/div><\/li>\n                <li style=\"display: none; width: 100%;\" class=\"slide-176 ms-image \" aria-roledescription=\"slide\" data-date=\"2020-06-02 17:14:16\" data-filename=\"DSC01061-scaled-e1591117779235-1250x450.jpg\" data-slide-type=\"image\"><img loading=\"lazy\" decoding=\"async\" src=\"https:\/\/woodbadge.training\/wp-content\/uploads\/2020\/06\/DSC01061-scaled-e1591117779235-1250x450.jpg\" height=\"450\" width=\"1250\" alt=\"\" class=\"slider-90 slide-176 msDefaultImage\" title=\"DSC01061\" \/><\/li>\n                <li style=\"display: none; width: 100%;\" class=\"slide-178 ms-image \" aria-roledescription=\"slide\" data-date=\"2020-06-02 17:14:32\" data-filename=\"WB-024-scaled-e1591117823856-1250x450.jpg\" data-slide-type=\"image\"><img loading=\"lazy\" decoding=\"async\" src=\"https:\/\/woodbadge.training\/wp-content\/uploads\/2020\/06\/WB-024-scaled-e1591117823856-1250x450.jpg\" height=\"450\" width=\"1250\" alt=\"\" class=\"slider-90 slide-178 msDefaultImage\" title=\"WB 024\" \/><\/li>\n                <li style=\"display: none; width: 100%;\" class=\"slide-179 ms-image \" aria-roledescription=\"slide\" data-date=\"2020-06-02 17:14:40\" data-filename=\"P1050662-scaled-e1591117862852-1250x450.jpg\" data-slide-type=\"image\"><img loading=\"lazy\" decoding=\"async\" src=\"https:\/\/woodbadge.training\/wp-content\/uploads\/2020\/06\/P1050662-scaled-e1591117862852-1250x450.jpg\" height=\"450\" width=\"1250\" alt=\"\" class=\"slider-90 slide-179 msDefaultImage\" title=\"P1050662\" \/><div class=\"caption-wrap\"><div class=\"caption\">Woodbadge Kurs 2015 M\u00e4gdesprung<\/div><\/div><\/li>\n                <li style=\"display: none; width: 100%;\" class=\"slide-180 ms-image \" aria-roledescription=\"slide\" data-date=\"2020-06-02 17:14:46\" data-filename=\"IMG_0725-scaled-1250x450.jpg\" data-slide-type=\"image\"><img loading=\"lazy\" decoding=\"async\" src=\"https:\/\/woodbadge.training\/wp-content\/uploads\/2020\/06\/IMG_0725-scaled-1250x450.jpg\" height=\"450\" width=\"1250\" alt=\"\" class=\"slider-90 slide-180 msDefaultImage\" title=\"IMG_0725\" \/><\/li>\n                <li style=\"display: none; width: 100%;\" class=\"slide-181 ms-image \" aria-roledescription=\"slide\" data-date=\"2020-06-02 17:14:58\" data-filename=\"DSC_4262-scaled-e1591114384693-1250x450.jpg\" data-slide-type=\"image\"><img loading=\"lazy\" decoding=\"async\" src=\"https:\/\/woodbadge.training\/wp-content\/uploads\/2020\/06\/DSC_4262-scaled-e1591114384693-1250x450.jpg\" height=\"450\" width=\"1250\" alt=\"\" class=\"slider-90 slide-181 msDefaultImage\" title=\"DSC_4262\" \/><\/li>\n                <li style=\"display: none; width: 100%;\" class=\"slide-182 ms-image \" aria-roledescription=\"slide\" data-date=\"2020-06-02 17:15:05\" data-filename=\"DSC_0406-scaled-1250x450.jpg\" data-slide-type=\"image\"><img loading=\"lazy\" decoding=\"async\" src=\"https:\/\/woodbadge.training\/wp-content\/uploads\/2020\/06\/DSC_0406-scaled-1250x450.jpg\" height=\"450\" width=\"1250\" alt=\"\" class=\"slider-90 slide-182 msDefaultImage\" title=\"DSC_0406\" \/><div class=\"caption-wrap\"><div class=\"caption\">Woodbadge Kurs 2013 Noeggenschwiel<\/div><\/div><\/li>\n                <li style=\"display: none; width: 100%;\" class=\"slide-183 ms-image \" aria-roledescription=\"slide\" data-date=\"2020-06-02 17:15:33\" data-filename=\"IMG_1623-scaled-e1591114337672-1250x450.jpg\" data-slide-type=\"image\"><img loading=\"lazy\" decoding=\"async\" src=\"https:\/\/woodbadge.training\/wp-content\/uploads\/2020\/06\/IMG_1623-scaled-e1591114337672-1250x450.jpg\" height=\"450\" width=\"1250\" alt=\"\" class=\"slider-90 slide-183 msDefaultImage\" title=\"IMG_1623\" \/><div class=\"caption-wrap\"><div class=\"caption\">Woodbadge Kurs 2013 Noeggenschwielc<\/div><\/div><\/li>\n                <li style=\"display: none; width: 100%;\" class=\"slide-184 ms-image \" aria-roledescription=\"slide\" data-date=\"2020-06-02 17:15:50\" data-filename=\"DSC_2410-scaled-1250x450.jpg\" data-slide-type=\"image\"><img loading=\"lazy\" decoding=\"async\" src=\"https:\/\/woodbadge.training\/wp-content\/uploads\/2020\/06\/DSC_2410-scaled-1250x450.jpg\" height=\"450\" width=\"1250\" alt=\"\" class=\"slider-90 slide-184 msDefaultImage\" title=\"DSC_2410\" \/><\/li>\n                <li style=\"display: none; width: 100%;\" class=\"slide-365 ms-image \" aria-roledescription=\"slide\" data-date=\"2022-04-18 13:50:14\" data-filename=\"IMG_2813-scaled-1250x450.jpg\" data-slide-type=\"image\"><img loading=\"lazy\" decoding=\"async\" src=\"https:\/\/woodbadge.training\/wp-content\/uploads\/2022\/04\/IMG_2813-scaled-1250x450.jpg\" height=\"450\" width=\"1250\" alt=\"\" class=\"slider-90 slide-365 msDefaultImage\" title=\"IMG_2813\" \/><\/li>\n                <li style=\"display: none; width: 100%;\" class=\"slide-366 ms-image \" aria-roledescription=\"slide\" data-date=\"2022-04-18 13:50:19\" data-filename=\"IMG_2644-scaled-1250x450.jpg\" data-slide-type=\"image\"><img loading=\"lazy\" decoding=\"async\" src=\"https:\/\/woodbadge.training\/wp-content\/uploads\/2022\/04\/IMG_2644-scaled-1250x450.jpg\" height=\"450\" width=\"1250\" alt=\"\" class=\"slider-90 slide-366 msDefaultImage\" title=\"IMG_2644\" \/><div class=\"caption-wrap\"><div class=\"caption\">Woodbadge Kurs 2022 Ingelfingen<\/div><\/div><\/li>\n                <li style=\"display: none; width: 100%;\" class=\"slide-367 ms-image \" aria-roledescription=\"slide\" data-date=\"2022-04-18 13:52:22\" data-filename=\"IMG_2930-scaled-1250x450.jpg\" data-slide-type=\"image\"><img loading=\"lazy\" decoding=\"async\" src=\"https:\/\/woodbadge.training\/wp-content\/uploads\/2022\/04\/IMG_2930-scaled-1250x450.jpg\" height=\"450\" width=\"1250\" alt=\"\" class=\"slider-90 slide-367 msDefaultImage\" title=\"IMG_2930\" \/><div class=\"caption-wrap\"><div class=\"caption\">Woodbadge Kurs 2022 Ingelfingen<\/div><\/div><\/li>\n                <li style=\"display: none; width: 100%;\" class=\"slide-368 ms-image \" aria-roledescription=\"slide\" data-date=\"2022-04-18 13:52:41\" data-filename=\"IMG_2784-scaled-1250x450.jpg\" data-slide-type=\"image\"><img loading=\"lazy\" decoding=\"async\" src=\"https:\/\/woodbadge.training\/wp-content\/uploads\/2022\/04\/IMG_2784-scaled-1250x450.jpg\" height=\"450\" width=\"1250\" alt=\"\" class=\"slider-90 slide-368 msDefaultImage\" title=\"IMG_2784\" \/><\/li>\n                <li style=\"display: none; width: 100%;\" class=\"slide-370 ms-image \" aria-roledescription=\"slide\" data-date=\"2022-04-18 13:54:08\" data-filename=\"IMG_2892-scaled-1250x450.jpg\" data-slide-type=\"image\"><img loading=\"lazy\" decoding=\"async\" src=\"https:\/\/woodbadge.training\/wp-content\/uploads\/2022\/04\/IMG_2892-scaled-1250x450.jpg\" height=\"450\" width=\"1250\" alt=\"\" class=\"slider-90 slide-370 msDefaultImage\" title=\"IMG_2892\" \/><div class=\"caption-wrap\"><div class=\"caption\">Woodbadge Kurs 2022 Ingelfingen<\/div><\/div><\/li>\n                <li style=\"display: none; width: 100%;\" class=\"slide-396 ms-image \" aria-roledescription=\"slide\" data-date=\"2022-08-14 14:03:19\" data-filename=\"DSC07943-scaled-1250x450.jpg\" data-slide-type=\"image\"><img loading=\"lazy\" decoding=\"async\" src=\"https:\/\/woodbadge.training\/wp-content\/uploads\/2022\/08\/DSC07943-scaled-1250x450.jpg\" height=\"450\" width=\"1250\" alt=\"\" class=\"slider-90 slide-396 msDefaultImage\" title=\"DSC07943\" \/><\/li>\n                <li style=\"display: none; width: 100%;\" class=\"slide-397 ms-image \" aria-roledescription=\"slide\" data-date=\"2022-08-14 14:03:34\" data-filename=\"IMG_2628-scaled-1250x450.jpg\" data-slide-type=\"image\"><img loading=\"lazy\" decoding=\"async\" src=\"https:\/\/woodbadge.training\/wp-content\/uploads\/2022\/08\/IMG_2628-scaled-1250x450.jpg\" height=\"450\" width=\"1250\" alt=\"\" class=\"slider-90 slide-397 msDefaultImage\" title=\"IMG_2628\" \/><div class=\"caption-wrap\"><div class=\"caption\">Woodbadge Kurs 2022 Ingelfingen<\/div><\/div><\/li>\n            <\/ul>\n        <\/div>\n        \n    <\/div>\n<\/div><\/div>\n<div><\/div>\n<p><strong>Willkommen auf der Seite des Arbeitskreises CP-Woodbadge.<\/strong><\/p>\n<p>Wir sind ein Arbeitskreis\u00a0 erfahrener Pfadfinderf\u00fchrern aus verschiedenen Pfadfinderb\u00fcnden unterschiedlichster Pr\u00e4gung. Unsere Aufgabe ist es, im zweij\u00e4hrigen Turnus, sogenannte Woodbadge-Kurse anzubieten. Damit wird die M\u00f6glichkeit geschafft, dass auch Pfadfinderf\u00fchrern kleinerer B\u00fcnde sich das Woodbadge erarbeiten k\u00f6nnen, um sich selbst als Gruppenleiter und Pers\u00f6nlichkeit weiterzubilden und zu reflektieren.<\/p>\n","protected":false},"excerpt":{"rendered":"<p>Willkommen auf der Seite des Arbeitskreises CP-Woodbadge. Wir sind ein Arbeitskreis\u00a0 erfahrener Pfadfinderf\u00fchrern aus verschiedenen Pfadfinderb\u00fcnden unterschiedlichster Pr\u00e4gung. Unsere Aufgabe ist es, im zweij\u00e4hrigen Turnus, sogenannte Woodbadge-Kurse anzubieten. Damit wird die M\u00f6glichkeit geschafft, dass auch &hellip;<\/p>\n","protected":false},"author":1,"featured_media":0,"parent":0,"menu_order":0,"comment_status":"closed","ping_status":"open","template":"","meta":{"footnotes":""},"class_list":["post-2","page","type-page","status-publish","hentry"],"_links":{"self":[{"href":"https:\/\/woodbadge.training\/index.php?rest_route=\/wp\/v2\/pages\/2","targetHints":{"allow":["GET"]}}],"collection":[{"href":"https:\/\/woodbadge.training\/index.php?rest_route=\/wp\/v2\/pages"}],"about":[{"href":"https:\/\/woodbadge.training\/index.php?rest_route=\/wp\/v2\/types\/page"}],"author":[{"embeddable":true,"href":"https:\/\/woodbadge.training\/index.php?rest_route=\/wp\/v2\/users\/1"}],"replies":[{"embeddable":true,"href":"https:\/\/woodbadge.training\/index.php?rest_route=%2Fwp%2Fv2%2Fcomments&post=2"}],"version-history":[{"count":15,"href":"https:\/\/woodbadge.training\/index.php?rest_route=\/wp\/v2\/pages\/2\/revisions"}],"predecessor-version":[{"id":387,"href":"https:\/\/woodbadge.training\/index.php?rest_route=\/wp\/v2\/pages\/2\/revisions\/387"}],"wp:attachment":[{"href":"https:\/\/woodbadge.training\/index.php?rest_route=%2Fwp%2Fv2%2Fmedia&parent=2"}],"curies":[{"name":"wp","href":"https:\/\/api.w.org\/{rel}","templated":true}]}}