{"id":124,"date":"2020-06-02T15:21:51","date_gmt":"2020-06-02T15:21:51","guid":{"rendered":"http:\/\/woodbadge.training\/?page_id=124"},"modified":"2020-06-06T18:51:33","modified_gmt":"2020-06-06T18:51:33","slug":"geschichte-des-cp-woodbadge","status":"publish","type":"page","link":"https:\/\/woodbadge.training\/?page_id=124","title":{"rendered":"Geschichte"},"content":{"rendered":"<p><strong>Der Woodbadgekurs und seine Geschichte<\/strong><\/p>\n<p>1919 wurde begonnen f\u00fcr erwachsene Pfadfinderf\u00fchrer im Gilwell Park bei London F\u00fchrungskurse ab zu halten.<\/p>\n<p>&nbsp;<\/p>\n<p><img loading=\"lazy\" decoding=\"async\" class=\"wp-image-189 alignnone\" src=\"https:\/\/woodbadge.training\/wp-content\/uploads\/2020\/06\/300px-First_Wood_Badge_training_Gilwell_Park_September_1919.jpg\" alt=\"\" width=\"355\" height=\"231\" \/><\/p>\n<p>&nbsp;<\/p>\n<p>In der Anfangszeit der Pfadfinderbewegung wurden die Kurse ausschlie\u00dflich in England abgehalten. Durch das rasante Wachstum der Bewegung wurde die Kurse in die einzelnen Heimatl\u00e4nder verlagert und dort durchgef\u00fchrt. Dennoch werden die Kurse stark auf die Traditionen des Ursprungs zur\u00fcckgef\u00fchrt.<\/p>\n<p>Bereits in den Anfangsjahren gliederten sich die Kurse in theoretische und praktische Teile und ein abschlie\u00dfendes Projekt das der Gruppe oder dem Bezirk zu Gute kam.<\/p>\n<p>2019 feierte das Woodbadge sein 100 j\u00e4hriges Jubil\u00e4um und Kurse werden heute auf der ganzen Welt durchgef\u00fchrt.<\/p>\n<p>Bereits f\u00fcr den ersten Kurs Baden Powell suchte nach einer Anerkennung der geleisteten Arbeit und des durchlaufenen Trainings.<\/p>\n<p>Aus Afrika brachte der Gr\u00fcnder der Pfadfinderbewegung Lord Baden-Powell eine ca. 4 m lange Kette, die aus ca. 1000 Holzperlen aus gelblichen Akazie bestand, mit. Diese Kette hatte urspr\u00fcnglich einem Zulu-K\u00f6nig mit Namen Dinizulu geh\u00f6rt. Die Kette galt den Zulus als besonders und wurde an besondere Krieger oder an H\u00e4uptlinge verliehen.<\/p>\n<p>Aus diesen Holzperlen zusammen mit einer Lederschnur wurde das Zeichen der F\u00fchrerkurse gebastelt, und es wurde dann Woodbadge genannt.<\/p>\n<p>Als die originalen Holzperlen rarer wurden, wurde nur noch eine originale Holzperle verliehen und die zweite Holzperle wurde w\u00e4hrend des Kurses gefertigt. Sp\u00e4ter wurden die Perlen durch die Kursmannschaften im Gilwell Park gefertigt. Heute fertigt jeder Teilnehmer seine Holzperlen nach genauen Vorgaben selber an.<\/p>\n<p>Der Absolvent des Kurses wird symbolisch in den 1st Gilwell Scout Troop aufgenommen, dessen Zeichen ist ein lachsfarbenes Halstuch mit einem aufgen\u00e4hten St\u00fcck Tartan der Familie MacLaren auf der Halstuchspitze. Dies wurde aus Dankbarkeit gegen\u00fcber William de Bois MacLaren getragen, da dieser durch eine sehr gro\u00dfz\u00fcgige Spende den Kauf des Gilwell Parks erm\u00f6glichte. Dieses Halstuch wird bei der Ernennung verliehen<\/p>\n<p>Der dritte Teil ist ein spezieller Halstuchknoten der seit den fr\u00fchen 1920ern zu den verliehenen Insignien geh\u00f6rt. Ein zweiz\u00fcgiger T\u00fcrkenbund aus einer dicken Lederschnur. Diesen Halstuchknoten wird durch den Kursteilnehmer auch selbst gefertigt und bei der Ernennung mit dem Halstuch verliehen.<\/p>\n<p>Woodbadge oder Gilwell Kurse werden in Deutschland seit den fr\u00fcher 50er Jahren eingef\u00fchrt.<\/p>\n<p>Zun\u00e4chst bei den B\u00fcnden CPD , DPSG und BDP. In der CPD wurden die Kurse, als Besonderheit, Hardau-Kurse genannt, da der Kurs auf einem Gel\u00e4nder an dem Fl\u00fcsschen Hardau bei Soltau durchgef\u00fchrt worden.<\/p>\n<p>Durch die Zersplitterung der Pfadfinderbewegung begannen auch andere B\u00fcnde mit den Woodbadgekursen um ihre erwachsenen F\u00fchrer die M\u00f6glichkeit der Weiterbildung zu geben.<\/p>\n<p>In Deutschland wurden die Kurse von BdP, DPSG, VCP, sowie dem Deutschen Pfadfinderring (DPV,CPD, KPE) durchgef\u00fchrt.<\/p>\n<p>In der DPSG ist die Woodbadgearbeit integraler Bestandteil der Stammesf\u00fchrerausbildung. Bei den anderen B\u00fcnden eher eine pers\u00f6nliche Weiterbildung und Reflexionsm\u00f6glichkeit f\u00fcr erfahrene Pfadfinderf\u00fchrer, die sich vor allem in der Stammesf\u00fchrungen schon bew\u00e4hrt haben.<\/p>\n<p>Zur Zeit werden, nach unserem Kenntnisstand, neben den <a href=\"http:\/\/www.pfadfinden-in-deutschland.de\/\">Ringb\u00fcnden<\/a>, noch Kurse durch <a href=\"http:\/\/www.wfis-europe.org\/wordpress\/\">WFIS<\/a> (Woodbeads) und dem Arbeitskreis <a href=\"https:\/\/woodbadge.training\">CP-Woodbadge<\/a> durchgef\u00fchrt.<\/p>\n<p><img loading=\"lazy\" decoding=\"async\" class=\"alignnone size-medium wp-image-237\" src=\"https:\/\/woodbadge.training\/wp-content\/uploads\/2020\/06\/DSC_1596-300x199.jpg\" alt=\"\" width=\"300\" height=\"199\" srcset=\"https:\/\/woodbadge.training\/wp-content\/uploads\/2020\/06\/DSC_1596-300x199.jpg 300w, https:\/\/woodbadge.training\/wp-content\/uploads\/2020\/06\/DSC_1596-1024x680.jpg 1024w, https:\/\/woodbadge.training\/wp-content\/uploads\/2020\/06\/DSC_1596-768x510.jpg 768w, https:\/\/woodbadge.training\/wp-content\/uploads\/2020\/06\/DSC_1596-1536x1020.jpg 1536w, https:\/\/woodbadge.training\/wp-content\/uploads\/2020\/06\/DSC_1596-2048x1360.jpg 2048w, https:\/\/woodbadge.training\/wp-content\/uploads\/2020\/06\/DSC_1596-120x80.jpg 120w\" sizes=\"auto, (max-width: 300px) 100vw, 300px\" \/><\/p>\n","protected":false},"excerpt":{"rendered":"<p>Der Woodbadgekurs und seine Geschichte 1919 wurde begonnen f\u00fcr erwachsene Pfadfinderf\u00fchrer im Gilwell Park bei London F\u00fchrungskurse ab zu halten. &nbsp; &nbsp; In der Anfangszeit der Pfadfinderbewegung wurden die Kurse ausschlie\u00dflich in England abgehalten. Durch &hellip;<\/p>\n","protected":false},"author":2,"featured_media":0,"parent":0,"menu_order":0,"comment_status":"closed","ping_status":"closed","template":"","meta":{"footnotes":""},"class_list":["post-124","page","type-page","status-publish","hentry"],"_links":{"self":[{"href":"https:\/\/woodbadge.training\/index.php?rest_route=\/wp\/v2\/pages\/124","targetHints":{"allow":["GET"]}}],"collection":[{"href":"https:\/\/woodbadge.training\/index.php?rest_route=\/wp\/v2\/pages"}],"about":[{"href":"https:\/\/woodbadge.training\/index.php?rest_route=\/wp\/v2\/types\/page"}],"author":[{"embeddable":true,"href":"https:\/\/woodbadge.training\/index.php?rest_route=\/wp\/v2\/users\/2"}],"replies":[{"embeddable":true,"href":"https:\/\/woodbadge.training\/index.php?rest_route=%2Fwp%2Fv2%2Fcomments&post=124"}],"version-history":[{"count":6,"href":"https:\/\/woodbadge.training\/index.php?rest_route=\/wp\/v2\/pages\/124\/revisions"}],"predecessor-version":[{"id":190,"href":"https:\/\/woodbadge.training\/index.php?rest_route=\/wp\/v2\/pages\/124\/revisions\/190"}],"wp:attachment":[{"href":"https:\/\/woodbadge.training\/index.php?rest_route=%2Fwp%2Fv2%2Fmedia&parent=124"}],"curies":[{"name":"wp","href":"https:\/\/api.w.org\/{rel}","templated":true}]}}