{"id":120,"date":"2020-06-02T15:12:56","date_gmt":"2020-06-02T15:12:56","guid":{"rendered":"http:\/\/woodbadge.training\/?page_id=120"},"modified":"2021-04-10T18:49:03","modified_gmt":"2021-04-10T18:49:03","slug":"120-2","status":"publish","type":"page","link":"https:\/\/woodbadge.training\/?page_id=120","title":{"rendered":"Woodbadge"},"content":{"rendered":"<p><strong>Was soll das \u2013 Woodbadge?<\/strong><\/p>\n<p>Kern des Woodbadges ist die Auseinandersetzung mit den Zielen, Werten und Methoden der Pfadfinderbewegung. Die Woodbadgekurse sollen helfen F\u00fchrungsqualit\u00e4ten heraus zu arbeiten und sich zusammen mit anderen Erwachsenen Gedanken \u00fcber Grundlagen unserer Arbeit zu machen. Es gibt der Teilnehmerin und dem Teilnehmer die M\u00f6glichkeit, neue Horizonte sich zu erschlie\u00dfen und sein bisheriges Tun als Pfadfinderf\u00fchrer zu reflektieren.<\/p>\n<p>Da wir ein Woodbadge christlicher Pfadfinderschaften sind , haben Andachten, Gebet und Gottesdienst selbstverst\u00e4ndlich einen festen Platz in unserem Kurs.<\/p>\n<div id=\"metaslider-id-90\" style=\"width: 100%;\" class=\"ml-slider-3-108-0 metaslider metaslider-flex metaslider-90 ml-slider ms-theme-default nav-hidden\" role=\"region\" aria-label=\"Kurse\" data-height=\"450\" data-width=\"1250\">\n    <div id=\"metaslider_container_90\">\n        <div id=\"metaslider_90\">\n            <ul class='slides'>\n                <li style=\"display: block; width: 100%;\" class=\"slide-91 ms-image \" aria-roledescription=\"slide\" data-date=\"2020-01-03 17:56:09\" data-filename=\"DSC_4496-e1591114579826-1250x450.jpg\" data-slide-type=\"image\"><img loading=\"lazy\" decoding=\"async\" src=\"https:\/\/woodbadge.training\/wp-content\/uploads\/2019\/11\/DSC_4496-e1591114579826-1250x450.jpg\" height=\"450\" width=\"1250\" alt=\"\" class=\"slider-90 slide-91 msDefaultImage\" title=\"Woodbadge-Kurs 2013 in Noeggenschwiel\" \/><div class=\"caption-wrap\"><div class=\"caption\">Woodbadge Kurs 2013 Noeggenschwiel<\/div><\/div><\/li>\n                <li style=\"display: none; width: 100%;\" class=\"slide-108 ms-image \" aria-roledescription=\"slide\" data-date=\"2020-02-12 14:48:18\" data-filename=\"DSC_0095-scaled-e1591114533714-1250x450.jpg\" data-slide-type=\"image\"><img loading=\"lazy\" decoding=\"async\" src=\"https:\/\/woodbadge.training\/wp-content\/uploads\/2020\/02\/DSC_0095-scaled-e1591114533714-1250x450.jpg\" height=\"450\" width=\"1250\" alt=\"\" class=\"slider-90 slide-108 msDefaultImage\" title=\"DSC_0095\" \/><div class=\"caption-wrap\"><div class=\"caption\">Woodbadge Kurs 2015 M\u00e4gdesprung<\/div><\/div><\/li>\n                <li style=\"display: none; width: 100%;\" class=\"slide-110 ms-image \" aria-roledescription=\"slide\" data-date=\"2020-02-12 14:48:18\" data-filename=\"DSC_0271-scaled-1250x450.jpg\" data-slide-type=\"image\"><img loading=\"lazy\" decoding=\"async\" src=\"https:\/\/woodbadge.training\/wp-content\/uploads\/2020\/02\/DSC_0271-scaled-1250x450.jpg\" height=\"450\" width=\"1250\" alt=\"\" class=\"slider-90 slide-110 msDefaultImage\" title=\"DSC_0271\" \/><\/li>\n                <li style=\"display: none; width: 100%;\" class=\"slide-146 ms-image \" aria-roledescription=\"slide\" data-date=\"2020-06-02 15:50:59\" data-filename=\"DSC_2941-scaled-e1591114299474-1250x450.jpg\" data-slide-type=\"image\"><img loading=\"lazy\" decoding=\"async\" src=\"https:\/\/woodbadge.training\/wp-content\/uploads\/2020\/06\/DSC_2941-scaled-e1591114299474-1250x450.jpg\" height=\"450\" width=\"1250\" alt=\"\" class=\"slider-90 slide-146 msDefaultImage\" title=\"DSC_2941\" \/><div class=\"caption-wrap\"><div class=\"caption\">Woodbadge Kurs 2017 Sarau<\/div><\/div><\/li>\n                <li style=\"display: none; width: 100%;\" class=\"slide-147 ms-image \" aria-roledescription=\"slide\" data-date=\"2020-06-02 15:51:37\" data-filename=\"IMG_5290-scaled-e1591114442987-1250x450.jpg\" data-slide-type=\"image\"><img loading=\"lazy\" decoding=\"async\" src=\"https:\/\/woodbadge.training\/wp-content\/uploads\/2020\/06\/IMG_5290-scaled-e1591114442987-1250x450.jpg\" height=\"450\" width=\"1250\" alt=\"\" class=\"slider-90 slide-147 msDefaultImage\" title=\"IMG_5290\" \/><\/li>\n                <li style=\"display: none; width: 100%;\" class=\"slide-148 ms-image \" aria-roledescription=\"slide\" data-date=\"2020-06-02 15:51:50\" data-filename=\"IMG_5359-scaled-e1591114418549-1250x450.jpg\" data-slide-type=\"image\"><img loading=\"lazy\" decoding=\"async\" src=\"https:\/\/woodbadge.training\/wp-content\/uploads\/2020\/06\/IMG_5359-scaled-e1591114418549-1250x450.jpg\" height=\"450\" width=\"1250\" alt=\"\" class=\"slider-90 slide-148 msDefaultImage\" title=\"IMG_5359\" \/><\/li>\n                <li style=\"display: none; width: 100%;\" class=\"slide-175 ms-image \" aria-roledescription=\"slide\" data-date=\"2020-06-02 17:14:07\" data-filename=\"DSC_2439-scaled-e1591117758739-1250x450.jpg\" data-slide-type=\"image\"><img loading=\"lazy\" decoding=\"async\" src=\"https:\/\/woodbadge.training\/wp-content\/uploads\/2020\/06\/DSC_2439-scaled-e1591117758739-1250x450.jpg\" height=\"450\" width=\"1250\" alt=\"\" class=\"slider-90 slide-175 msDefaultImage\" title=\"DSC_2439\" \/><div class=\"caption-wrap\"><div class=\"caption\">Woodbadge Kurs 2017 Sarau<\/div><\/div><\/li>\n                <li style=\"display: none; width: 100%;\" class=\"slide-176 ms-image \" aria-roledescription=\"slide\" data-date=\"2020-06-02 17:14:16\" data-filename=\"DSC01061-scaled-e1591117779235-1250x450.jpg\" data-slide-type=\"image\"><img loading=\"lazy\" decoding=\"async\" src=\"https:\/\/woodbadge.training\/wp-content\/uploads\/2020\/06\/DSC01061-scaled-e1591117779235-1250x450.jpg\" height=\"450\" width=\"1250\" alt=\"\" class=\"slider-90 slide-176 msDefaultImage\" title=\"DSC01061\" \/><\/li>\n                <li style=\"display: none; width: 100%;\" class=\"slide-178 ms-image \" aria-roledescription=\"slide\" data-date=\"2020-06-02 17:14:32\" data-filename=\"WB-024-scaled-e1591117823856-1250x450.jpg\" data-slide-type=\"image\"><img loading=\"lazy\" decoding=\"async\" src=\"https:\/\/woodbadge.training\/wp-content\/uploads\/2020\/06\/WB-024-scaled-e1591117823856-1250x450.jpg\" height=\"450\" width=\"1250\" alt=\"\" class=\"slider-90 slide-178 msDefaultImage\" title=\"WB 024\" \/><\/li>\n                <li style=\"display: none; width: 100%;\" class=\"slide-179 ms-image \" aria-roledescription=\"slide\" data-date=\"2020-06-02 17:14:40\" data-filename=\"P1050662-scaled-e1591117862852-1250x450.jpg\" data-slide-type=\"image\"><img loading=\"lazy\" decoding=\"async\" src=\"https:\/\/woodbadge.training\/wp-content\/uploads\/2020\/06\/P1050662-scaled-e1591117862852-1250x450.jpg\" height=\"450\" width=\"1250\" alt=\"\" class=\"slider-90 slide-179 msDefaultImage\" title=\"P1050662\" \/><div class=\"caption-wrap\"><div class=\"caption\">Woodbadge Kurs 2015 M\u00e4gdesprung<\/div><\/div><\/li>\n                <li style=\"display: none; width: 100%;\" class=\"slide-180 ms-image \" aria-roledescription=\"slide\" data-date=\"2020-06-02 17:14:46\" data-filename=\"IMG_0725-scaled-1250x450.jpg\" data-slide-type=\"image\"><img loading=\"lazy\" decoding=\"async\" src=\"https:\/\/woodbadge.training\/wp-content\/uploads\/2020\/06\/IMG_0725-scaled-1250x450.jpg\" height=\"450\" width=\"1250\" alt=\"\" class=\"slider-90 slide-180 msDefaultImage\" title=\"IMG_0725\" \/><\/li>\n                <li style=\"display: none; width: 100%;\" class=\"slide-181 ms-image \" aria-roledescription=\"slide\" data-date=\"2020-06-02 17:14:58\" data-filename=\"DSC_4262-scaled-e1591114384693-1250x450.jpg\" data-slide-type=\"image\"><img loading=\"lazy\" decoding=\"async\" src=\"https:\/\/woodbadge.training\/wp-content\/uploads\/2020\/06\/DSC_4262-scaled-e1591114384693-1250x450.jpg\" height=\"450\" width=\"1250\" alt=\"\" class=\"slider-90 slide-181 msDefaultImage\" title=\"DSC_4262\" \/><\/li>\n                <li style=\"display: none; width: 100%;\" class=\"slide-182 ms-image \" aria-roledescription=\"slide\" data-date=\"2020-06-02 17:15:05\" data-filename=\"DSC_0406-scaled-1250x450.jpg\" data-slide-type=\"image\"><img loading=\"lazy\" decoding=\"async\" src=\"https:\/\/woodbadge.training\/wp-content\/uploads\/2020\/06\/DSC_0406-scaled-1250x450.jpg\" height=\"450\" width=\"1250\" alt=\"\" class=\"slider-90 slide-182 msDefaultImage\" title=\"DSC_0406\" \/><div class=\"caption-wrap\"><div class=\"caption\">Woodbadge Kurs 2013 Noeggenschwiel<\/div><\/div><\/li>\n                <li style=\"display: none; width: 100%;\" class=\"slide-183 ms-image \" aria-roledescription=\"slide\" data-date=\"2020-06-02 17:15:33\" data-filename=\"IMG_1623-scaled-e1591114337672-1250x450.jpg\" data-slide-type=\"image\"><img loading=\"lazy\" decoding=\"async\" src=\"https:\/\/woodbadge.training\/wp-content\/uploads\/2020\/06\/IMG_1623-scaled-e1591114337672-1250x450.jpg\" height=\"450\" width=\"1250\" alt=\"\" class=\"slider-90 slide-183 msDefaultImage\" title=\"IMG_1623\" \/><div class=\"caption-wrap\"><div class=\"caption\">Woodbadge Kurs 2013 Noeggenschwielc<\/div><\/div><\/li>\n                <li style=\"display: none; width: 100%;\" class=\"slide-184 ms-image \" aria-roledescription=\"slide\" data-date=\"2020-06-02 17:15:50\" data-filename=\"DSC_2410-scaled-1250x450.jpg\" data-slide-type=\"image\"><img loading=\"lazy\" decoding=\"async\" src=\"https:\/\/woodbadge.training\/wp-content\/uploads\/2020\/06\/DSC_2410-scaled-1250x450.jpg\" height=\"450\" width=\"1250\" alt=\"\" class=\"slider-90 slide-184 msDefaultImage\" title=\"DSC_2410\" \/><\/li>\n                <li style=\"display: none; width: 100%;\" class=\"slide-365 ms-image \" aria-roledescription=\"slide\" data-date=\"2022-04-18 13:50:14\" data-filename=\"IMG_2813-scaled-1250x450.jpg\" data-slide-type=\"image\"><img loading=\"lazy\" decoding=\"async\" src=\"https:\/\/woodbadge.training\/wp-content\/uploads\/2022\/04\/IMG_2813-scaled-1250x450.jpg\" height=\"450\" width=\"1250\" alt=\"\" class=\"slider-90 slide-365 msDefaultImage\" title=\"IMG_2813\" \/><\/li>\n                <li style=\"display: none; width: 100%;\" class=\"slide-366 ms-image \" aria-roledescription=\"slide\" data-date=\"2022-04-18 13:50:19\" data-filename=\"IMG_2644-scaled-1250x450.jpg\" data-slide-type=\"image\"><img loading=\"lazy\" decoding=\"async\" src=\"https:\/\/woodbadge.training\/wp-content\/uploads\/2022\/04\/IMG_2644-scaled-1250x450.jpg\" height=\"450\" width=\"1250\" alt=\"\" class=\"slider-90 slide-366 msDefaultImage\" title=\"IMG_2644\" \/><div class=\"caption-wrap\"><div class=\"caption\">Woodbadge Kurs 2022 Ingelfingen<\/div><\/div><\/li>\n                <li style=\"display: none; width: 100%;\" class=\"slide-367 ms-image \" aria-roledescription=\"slide\" data-date=\"2022-04-18 13:52:22\" data-filename=\"IMG_2930-scaled-1250x450.jpg\" data-slide-type=\"image\"><img loading=\"lazy\" decoding=\"async\" src=\"https:\/\/woodbadge.training\/wp-content\/uploads\/2022\/04\/IMG_2930-scaled-1250x450.jpg\" height=\"450\" width=\"1250\" alt=\"\" class=\"slider-90 slide-367 msDefaultImage\" title=\"IMG_2930\" \/><div class=\"caption-wrap\"><div class=\"caption\">Woodbadge Kurs 2022 Ingelfingen<\/div><\/div><\/li>\n                <li style=\"display: none; width: 100%;\" class=\"slide-368 ms-image \" aria-roledescription=\"slide\" data-date=\"2022-04-18 13:52:41\" data-filename=\"IMG_2784-scaled-1250x450.jpg\" data-slide-type=\"image\"><img loading=\"lazy\" decoding=\"async\" src=\"https:\/\/woodbadge.training\/wp-content\/uploads\/2022\/04\/IMG_2784-scaled-1250x450.jpg\" height=\"450\" width=\"1250\" alt=\"\" class=\"slider-90 slide-368 msDefaultImage\" title=\"IMG_2784\" \/><\/li>\n                <li style=\"display: none; width: 100%;\" class=\"slide-370 ms-image \" aria-roledescription=\"slide\" data-date=\"2022-04-18 13:54:08\" data-filename=\"IMG_2892-scaled-1250x450.jpg\" data-slide-type=\"image\"><img loading=\"lazy\" decoding=\"async\" src=\"https:\/\/woodbadge.training\/wp-content\/uploads\/2022\/04\/IMG_2892-scaled-1250x450.jpg\" height=\"450\" width=\"1250\" alt=\"\" class=\"slider-90 slide-370 msDefaultImage\" title=\"IMG_2892\" \/><div class=\"caption-wrap\"><div class=\"caption\">Woodbadge Kurs 2022 Ingelfingen<\/div><\/div><\/li>\n                <li style=\"display: none; width: 100%;\" class=\"slide-396 ms-image \" aria-roledescription=\"slide\" data-date=\"2022-08-14 14:03:19\" data-filename=\"DSC07943-scaled-1250x450.jpg\" data-slide-type=\"image\"><img loading=\"lazy\" decoding=\"async\" src=\"https:\/\/woodbadge.training\/wp-content\/uploads\/2022\/08\/DSC07943-scaled-1250x450.jpg\" height=\"450\" width=\"1250\" alt=\"\" class=\"slider-90 slide-396 msDefaultImage\" title=\"DSC07943\" \/><\/li>\n                <li style=\"display: none; width: 100%;\" class=\"slide-397 ms-image \" aria-roledescription=\"slide\" data-date=\"2022-08-14 14:03:34\" data-filename=\"IMG_2628-scaled-1250x450.jpg\" data-slide-type=\"image\"><img loading=\"lazy\" decoding=\"async\" src=\"https:\/\/woodbadge.training\/wp-content\/uploads\/2022\/08\/IMG_2628-scaled-1250x450.jpg\" height=\"450\" width=\"1250\" alt=\"\" class=\"slider-90 slide-397 msDefaultImage\" title=\"IMG_2628\" \/><div class=\"caption-wrap\"><div class=\"caption\">Woodbadge Kurs 2022 Ingelfingen<\/div><\/div><\/li>\n            <\/ul>\n        <\/div>\n        \n    <\/div>\n<\/div>\n<p><strong>Was wir von Dir erwartet?<\/strong><\/p>\n<p>Es wird erwartet, dass Du dich offen in Diskussionen begibst und lern bereit bist. Neues neugierig hinterfragst und eigene Erfahrungen einbringst.\u00a0 Du hast schon Erfahrung als Stammesf\u00fchrer oder eine Position in einer h\u00f6heren Ebene. Manche teilnehmenden B\u00fcnde erwarten dass Du den Feldmeisterstand erreicht hast, oder dich auf dem Weg zum Kreuzpfadfinder befindest. Erfahrung auf Fahrt und im Lager hast du ja bestimmt!<\/p>\n<p>Eine positive Einstellung zum Glauben solltest Du mitbringen. Toleranz gegen\u00fcber anderen christlichen Glaubensformen oder Richtungen wird vorausgesetzt. Die Teilnahme an den Andachten und am Gottesdienst ist f\u00fcr Jeden verpflichtend.<\/p>\n<p>Dein Engagement in der Vorbereitung und im nachbereiteten Projekt ist wichtig und dass Du dir den den Spruch zu eigen machst: \u201eWoodbadge ist auch das, was ich bereit bin mit einzubringen\u201c.<\/p>\n<p>Da sich das Woodbadge \u00fcber 1-2 Jahre hinzieht, wird auch von Dir etwas Z\u00e4higkeit im Erreichen eines Zieles erwartet.<\/p>\n<p><strong>Was erwartet dich?<\/strong><\/p>\n<p>Im Vorfeld der Kurswoche hei\u00dft es sich mit der grundlegenden Literatur des Pfadfindertums zu besch\u00e4ftigen, au\u00dferdem gilt es das Eine oder Andere f\u00fcr die Kurswoche vor zu bereiten.<\/p>\n<p>Auf der Kurswoche, die immer um Ostern stattfindet, erwartet sich ein motiviertes Team aus erfahrenen Pfadfinderf\u00fchrerinnen und Pfadfinderf\u00fchrer. Gemeinsam wollen wir die Zeit als Pfadfinderstamm auf dem Lager verbringen. Die Zeit des Lagers ist gef\u00fcllt mit praktischen und theoretischen Anregungen und Herausforderungen. Du wirst verschiedene Traditionen der Kursteilnehmer und der Kursmannschaft kennen lernen, diese diskutieren und m\u00f6glichst viel f\u00fcr Dich und Deine Gruppe mit nach Hause nehmen.<\/p>\n<p>Nach dem eigentlichen Kurs wirst Du und die Kursmannschaft f\u00fcr Dich ein Projekt haben das es gilt durchzuf\u00fchren und von dem auch Deine Gruppe profitieren soll, dieses wird durch Dich dokumentiert und reflektiert. Nach Einreichen der Arbeit und die Bewertung durch Kursleitung bist du bereit f\u00fcr die Aufnahme in den weltweit gr\u00f6\u00dften Pfadfinderstamm, dem 1<sup>st<\/sup> Gilwell Scout Group. Du bekommt im Rahmen einer Woodbadge Reunion feierlich dein Woodbadgehalstuch, den Woodbadge-Halstuchknoten und die beiden Holzkl\u00f6tzchen an der Lederschnur \u00fcberreicht, um Deinen erfolgreichen Abschluss gew\u00fcrdigt zu bekommen.<\/p>\n<p><img loading=\"lazy\" decoding=\"async\" class=\"size-medium wp-image-187 aligncenter\" src=\"https:\/\/woodbadge.training\/wp-content\/uploads\/2020\/06\/20200602_193707-scaled-e1591119656470-185x300.jpg\" alt=\"\" width=\"185\" height=\"300\" srcset=\"https:\/\/woodbadge.training\/wp-content\/uploads\/2020\/06\/20200602_193707-scaled-e1591119656470-185x300.jpg 185w, https:\/\/woodbadge.training\/wp-content\/uploads\/2020\/06\/20200602_193707-scaled-e1591119656470-631x1024.jpg 631w, https:\/\/woodbadge.training\/wp-content\/uploads\/2020\/06\/20200602_193707-scaled-e1591119656470-768x1245.jpg 768w, https:\/\/woodbadge.training\/wp-content\/uploads\/2020\/06\/20200602_193707-scaled-e1591119656470-947x1536.jpg 947w, https:\/\/woodbadge.training\/wp-content\/uploads\/2020\/06\/20200602_193707-scaled-e1591119656470.jpg 1184w\" sizes=\"auto, (max-width: 185px) 100vw, 185px\" \/><\/p>\n<p><strong>Bist Du bereit f\u00fcr Deinen Kurs?<\/strong><\/p>\n<p>Immer im 2 j\u00e4hrigen Rhythmus findet ein Kurs auf einem idyllischen Lagerplatz irgendwo in Deutschland statt.<\/p>\n<p>Wenn Du dich angesprochen f\u00fchlst, die Herausforderung suchst, Dich weiterentwickeln m\u00f6chtest und Du dich als aktives Mitglied der Pfadfinderbewegung siehst, dann lass Dich jetzt f\u00fcr den n\u00e4chsten\u00a0 m\u00f6glichen Kurs\u00a0 vormerken.<\/p>\n<p>Kontakt: <a href=\"mailto:info@woodbadge.training\">info@woodbadge.training<\/a><\/p>\n<p>&nbsp;<\/p>\n","protected":false},"excerpt":{"rendered":"<p>Was soll das \u2013 Woodbadge? Kern des Woodbadges ist die Auseinandersetzung mit den Zielen, Werten und Methoden der Pfadfinderbewegung. Die Woodbadgekurse sollen helfen F\u00fchrungsqualit\u00e4ten heraus zu arbeiten und sich zusammen mit anderen Erwachsenen Gedanken \u00fcber &hellip;<\/p>\n","protected":false},"author":2,"featured_media":0,"parent":0,"menu_order":0,"comment_status":"closed","ping_status":"closed","template":"","meta":{"footnotes":""},"class_list":["post-120","page","type-page","status-publish","hentry"],"_links":{"self":[{"href":"https:\/\/woodbadge.training\/index.php?rest_route=\/wp\/v2\/pages\/120","targetHints":{"allow":["GET"]}}],"collection":[{"href":"https:\/\/woodbadge.training\/index.php?rest_route=\/wp\/v2\/pages"}],"about":[{"href":"https:\/\/woodbadge.training\/index.php?rest_route=\/wp\/v2\/types\/page"}],"author":[{"embeddable":true,"href":"https:\/\/woodbadge.training\/index.php?rest_route=\/wp\/v2\/users\/2"}],"replies":[{"embeddable":true,"href":"https:\/\/woodbadge.training\/index.php?rest_route=%2Fwp%2Fv2%2Fcomments&post=120"}],"version-history":[{"count":13,"href":"https:\/\/woodbadge.training\/index.php?rest_route=\/wp\/v2\/pages\/120\/revisions"}],"predecessor-version":[{"id":343,"href":"https:\/\/woodbadge.training\/index.php?rest_route=\/wp\/v2\/pages\/120\/revisions\/343"}],"wp:attachment":[{"href":"https:\/\/woodbadge.training\/index.php?rest_route=%2Fwp%2Fv2%2Fmedia&parent=120"}],"curies":[{"name":"wp","href":"https:\/\/api.w.org\/{rel}","templated":true}]}}